{"id":985,"date":"2023-11-08T14:56:08","date_gmt":"2023-11-08T12:56:08","guid":{"rendered":"https:\/\/blackmusicfestival.com\/politica-de-cookies\/"},"modified":"2024-02-29T10:05:39","modified_gmt":"2024-02-29T08:05:39","slug":"politica-de-cookies","status":"publish","type":"page","link":"https:\/\/gironacappella.cat\/en\/politica-de-cookies\/","title":{"rendered":"Cookies policy"},"content":{"rendered":"<p>[et_pb_section fb_built=&#8221;1&#8243; _builder_version=&#8221;4.16&#8243; global_colors_info=&#8221;{}&#8221;][et_pb_row _builder_version=&#8221;4.16&#8243; background_size=&#8221;initial&#8221; background_position=&#8221;top_left&#8221; background_repeat=&#8221;repeat&#8221; global_colors_info=&#8221;{}&#8221;][et_pb_column type=&#8221;4_4&#8243; _builder_version=&#8221;4.16&#8243; custom_padding=&#8221;|||&#8221; global_colors_info=&#8221;{}&#8221; custom_padding__hover=&#8221;|||&#8221;][et_pb_text _builder_version=&#8221;4.24.0&#8243; background_size=&#8221;initial&#8221; background_position=&#8221;top_left&#8221; background_repeat=&#8221;repeat&#8221; hover_enabled=&#8221;0&#8243; global_colors_info=&#8221;{}&#8221; sticky_enabled=&#8221;0&#8243;]<\/p>\n<h1>Cookies policy<\/h1>\n<div itemprop=\"articleBody\">\n<p>Una Cookie \u00e9s un breu fitxer que s&#8217;envia i s&#8217;emmagatzema en el disc dur de l&#8217;ordinador de l&#8217;usuari a trav\u00e9s del seu navegador quan es connecta a una xarxa. Les Cookies es poden utilitzar per recollir i emmagatzemar dades d&#8217;usuari mentre est\u00e0 connectat per oferir-li els serveis sol\u00b7licitats. <\/p>\n<p>Cookies can be own or third party.<\/p>\n<p><strong>There are several types of Cookies:<\/strong><\/p>\n<ul>\n<li>Technical cookies: they facilitate the navigation of the user and the use of the various options or services offered by the web such as identifying the session, allowing access to certain areas, security, facilitating functionalities (videos, social networks, etc.. ).<\/li>\n<li>Personalization cookies: allow users to access services according to their preferences (language, browser, configuration, etc..).<\/li>\n<li>Analysis cookies: they allow the anonymous analysis of the behavior of Internet users and allow the user&#8217;s activity to be measured and browsing profiles to be developed in order to improve websites.<\/li>\n<\/ul>\n<p>&nbsp;<\/p>\n<h3>Cookies used on this website:<\/h3>\n<p>According to the guidelines of the<span> <\/span><strong>normativa Europea GDPR<span> <\/span><\/strong>o<strong><span> <\/span>RGPD<\/strong>(General Data Protection Regulation), we detail the use of cookies by this website in order to inform you as accurately as possible.<\/p>\n<p><strong>This website uses the following first-party cookies:<\/strong><\/p>\n<ul>\n<li>Session cookies, to allow access to certain areas.<\/li>\n<li>Personalization cookies, to allow the configuration and navigation preferences of the user.<\/li>\n<\/ul>\n<p><strong><span>This website uses the following third-party cookies:<\/span><\/strong><\/p>\n<ul>\n<li>Google Analytics: in the treatment of analysis cookies, we have requested your consent for their use. All this is to improve our services. We use Google Analytics to collect anonymous statistical information, such as the number of visitors to our site. Cookies added by Google Analytics are governed by the privacy policies of Google Analytics. Therefore, the exercise of any right in this regard must be done by contacting Google directly.    <\/li>\n<li>Social networks: each social network uses its own cookies so that you can click the Like or Share buttons.<\/li>\n<\/ul>\n<p>&nbsp;<\/p>\n<h3>Deactivation or deletion of cookies:<\/h3>\n<p>However, please note that you can activate, deactivate or delete cookies by following the instructions in your browser. <\/p>\n<ul>\n<li><a href=\"https:\/\/support.google.com\/chrome\/answer\/95647?hl=es\" target=\"_blank\" rel=\"noopener noreferrer\">Google Chrome<\/a><\/li>\n<li><a href=\"https:\/\/support.mozilla.org\/es\/kb\/habilitar-y-deshabilitar-cookies-sitios-web-rastrear-preferencias?redirectlocale=es&amp;redirectslug=habilitar-y-deshabilitar-cookies-que-los-sitios-we\" target=\"_blank\" rel=\"noopener noreferrer\">Mozilla Firefox<\/a><\/li>\n<li><a href=\"https:\/\/support.microsoft.com\/ca-es\/help\/17442\/windows-internet-explorer-delete-manage-cookies\" target=\"_blank\" rel=\"noopener noreferrer\">Internet Explorer<\/a><\/li>\n<li><a href=\"https:\/\/support.apple.com\/kb\/PH21411?locale=es_US&amp;viewlocale=es_US\" target=\"_blank\" rel=\"noopener noreferrer\">Safari<\/a><\/li>\n<li><a href=\"https:\/\/support.apple.com\/en-us\/HT201265\" target=\"_blank\" rel=\"noopener noreferrer\">Safari para IOS<\/a><span> <\/span>(iPhone y iPad)<\/li>\n<li><a href=\"https:\/\/support.google.com\/chrome\/answer\/114662?hl=es&amp;visit_id=1-636638841327085282-3909631529&amp;rd=1&amp;co=GENIE.Platform%3DAndroid&amp;oco=1\" target=\"_blank\" rel=\"noopener noreferrer\">Chrome<span> <\/span><\/a>(Android)<\/li>\n<\/ul>\n<p>&nbsp;<\/p>\n<h3>Consent:<\/h3>\n<p>A <strong>gironacappella.cat<\/strong> mai guardem les dades personals dels nostres usuaris, a excepci\u00f3 de l&#8217;adre\u00e7a IP d&#8217;acord amb el descrit anteriorment. Seguim la<span> <\/span><strong>normative European GDPR <\/strong><span>o<\/span><strong> RGPD <\/strong><span>(General Data Protection Regulation). <\/span> <\/p>\n<p>Al navegar i continuar a la nostra web ens indica que est\u00e0 consentint l&#8217;\u00fas de les cookies abans enunciades, i en les condicions contingudes en la present Pol\u00edtica de Cookies.<\/p>\n<\/div>\n<p>[\/et_pb_text][\/et_pb_column][\/et_pb_row][\/et_pb_section]<\/p>\n","protected":false},"excerpt":{"rendered":"<p>Cookies policy Una Cookie \u00e9s un breu fitxer que s&#8217;envia i s&#8217;emmagatzema en el disc dur de l&#8217;ordinador de l&#8217;usuari a trav\u00e9s del seu navegador quan es connecta a una [&hellip;]<\/p>\n","protected":false},"author":1,"featured_media":0,"parent":0,"menu_order":0,"comment_status":"closed","ping_status":"closed","template":"","meta":{"_et_pb_use_builder":"on","_et_pb_old_content":"","_et_gb_content_width":"","footnotes":""},"class_list":["post-985","page","type-page","status-publish","hentry"],"yoast_head":"<!-- This site is optimized with the Yoast SEO plugin v27.3 - https:\/\/yoast.com\/product\/yoast-seo-wordpress\/ -->\n<title>Cookies policy - Girona A Cappella<\/title>\n<meta name=\"robots\" content=\"index, follow, max-snippet:-1, max-image-preview:large, max-video-preview:-1\" \/>\n<link rel=\"canonical\" href=\"https:\/\/gironacappella.cat\/politica-de-cookies\/\" \/>\n<meta property=\"og:locale\" content=\"en_GB\" \/>\n<meta property=\"og:type\" content=\"article\" \/>\n<meta property=\"og:title\" content=\"Cookies policy - Girona A Cappella\" \/>\n<meta property=\"og:description\" content=\"Cookies policy Una Cookie \u00e9s un breu fitxer que s&#039;envia i s&#039;emmagatzema en el disc dur de l&#039;ordinador de l&#039;usuari a trav\u00e9s del seu navegador quan es connecta a una [&hellip;]\" \/>\n<meta property=\"og:url\" content=\"https:\/\/gironacappella.cat\/politica-de-cookies\/\" \/>\n<meta property=\"og:site_name\" content=\"Girona A Cappella\" \/>\n<meta property=\"article:modified_time\" content=\"2024-02-29T08:05:39+00:00\" \/>\n<meta name=\"twitter:card\" content=\"summary_large_image\" \/>\n<meta name=\"twitter:label1\" content=\"Estimated reading time\" \/>\n\t<meta name=\"twitter:data1\" content=\"2 minutes\" \/>\n<script type=\"application\/ld+json\" class=\"yoast-schema-graph\">{\"@context\":\"https:\\\/\\\/schema.org\",\"@graph\":[{\"@type\":\"WebPage\",\"@id\":\"https:\\\/\\\/gironacappella.cat\\\/politica-de-cookies\\\/\",\"url\":\"https:\\\/\\\/gironacappella.cat\\\/politica-de-cookies\\\/\",\"name\":\"Cookies policy - Girona A Cappella\",\"isPartOf\":{\"@id\":\"https:\\\/\\\/gironacappella.cat\\\/#website\"},\"datePublished\":\"2023-11-08T12:56:08+00:00\",\"dateModified\":\"2024-02-29T08:05:39+00:00\",\"breadcrumb\":{\"@id\":\"https:\\\/\\\/gironacappella.cat\\\/politica-de-cookies\\\/#breadcrumb\"},\"inLanguage\":\"en-GB\",\"potentialAction\":[{\"@type\":\"ReadAction\",\"target\":[\"https:\\\/\\\/gironacappella.cat\\\/politica-de-cookies\\\/\"]}]},{\"@type\":\"BreadcrumbList\",\"@id\":\"https:\\\/\\\/gironacappella.cat\\\/politica-de-cookies\\\/#breadcrumb\",\"itemListElement\":[{\"@type\":\"ListItem\",\"position\":1,\"name\":\"Inici\",\"item\":\"https:\\\/\\\/gironacappella.cat\\\/\"},{\"@type\":\"ListItem\",\"position\":2,\"name\":\"Cookies policy\"}]},{\"@type\":\"WebSite\",\"@id\":\"https:\\\/\\\/gironacappella.cat\\\/#website\",\"url\":\"https:\\\/\\\/gironacappella.cat\\\/\",\"name\":\"Girona A Cappella\",\"description\":\"Per Temps de Flors Girona al\u00e7a la veu!\",\"potentialAction\":[{\"@type\":\"SearchAction\",\"target\":{\"@type\":\"EntryPoint\",\"urlTemplate\":\"https:\\\/\\\/gironacappella.cat\\\/?s={search_term_string}\"},\"query-input\":{\"@type\":\"PropertyValueSpecification\",\"valueRequired\":true,\"valueName\":\"search_term_string\"}}],\"inLanguage\":\"en-GB\"}]}<\/script>\n<!-- \/ Yoast SEO plugin. -->","yoast_head_json":{"title":"Cookies policy - Girona A Cappella","robots":{"index":"index","follow":"follow","max-snippet":"max-snippet:-1","max-image-preview":"max-image-preview:large","max-video-preview":"max-video-preview:-1"},"canonical":"https:\/\/gironacappella.cat\/politica-de-cookies\/","og_locale":"en_GB","og_type":"article","og_title":"Cookies policy - Girona A Cappella","og_description":"Cookies policy Una Cookie \u00e9s un breu fitxer que s'envia i s'emmagatzema en el disc dur de l'ordinador de l'usuari a trav\u00e9s del seu navegador quan es connecta a una [&hellip;]","og_url":"https:\/\/gironacappella.cat\/politica-de-cookies\/","og_site_name":"Girona A Cappella","article_modified_time":"2024-02-29T08:05:39+00:00","twitter_card":"summary_large_image","twitter_misc":{"Estimated reading time":"2 minutes"},"schema":{"@context":"https:\/\/schema.org","@graph":[{"@type":"WebPage","@id":"https:\/\/gironacappella.cat\/politica-de-cookies\/","url":"https:\/\/gironacappella.cat\/politica-de-cookies\/","name":"Cookies policy - Girona A Cappella","isPartOf":{"@id":"https:\/\/gironacappella.cat\/#website"},"datePublished":"2023-11-08T12:56:08+00:00","dateModified":"2024-02-29T08:05:39+00:00","breadcrumb":{"@id":"https:\/\/gironacappella.cat\/politica-de-cookies\/#breadcrumb"},"inLanguage":"en-GB","potentialAction":[{"@type":"ReadAction","target":["https:\/\/gironacappella.cat\/politica-de-cookies\/"]}]},{"@type":"BreadcrumbList","@id":"https:\/\/gironacappella.cat\/politica-de-cookies\/#breadcrumb","itemListElement":[{"@type":"ListItem","position":1,"name":"Inici","item":"https:\/\/gironacappella.cat\/"},{"@type":"ListItem","position":2,"name":"Cookies policy"}]},{"@type":"WebSite","@id":"https:\/\/gironacappella.cat\/#website","url":"https:\/\/gironacappella.cat\/","name":"Girona A Cappella","description":"Per Temps de Flors Girona al\u00e7a la veu!","potentialAction":[{"@type":"SearchAction","target":{"@type":"EntryPoint","urlTemplate":"https:\/\/gironacappella.cat\/?s={search_term_string}"},"query-input":{"@type":"PropertyValueSpecification","valueRequired":true,"valueName":"search_term_string"}}],"inLanguage":"en-GB"}]}},"_links":{"self":[{"href":"https:\/\/gironacappella.cat\/en\/wp-json\/wp\/v2\/pages\/985","targetHints":{"allow":["GET"]}}],"collection":[{"href":"https:\/\/gironacappella.cat\/en\/wp-json\/wp\/v2\/pages"}],"about":[{"href":"https:\/\/gironacappella.cat\/en\/wp-json\/wp\/v2\/types\/page"}],"author":[{"embeddable":true,"href":"https:\/\/gironacappella.cat\/en\/wp-json\/wp\/v2\/users\/1"}],"replies":[{"embeddable":true,"href":"https:\/\/gironacappella.cat\/en\/wp-json\/wp\/v2\/comments?post=985"}],"version-history":[{"count":9,"href":"https:\/\/gironacappella.cat\/en\/wp-json\/wp\/v2\/pages\/985\/revisions"}],"predecessor-version":[{"id":2187,"href":"https:\/\/gironacappella.cat\/en\/wp-json\/wp\/v2\/pages\/985\/revisions\/2187"}],"wp:attachment":[{"href":"https:\/\/gironacappella.cat\/en\/wp-json\/wp\/v2\/media?parent=985"}],"curies":[{"name":"wp","href":"https:\/\/api.w.org\/{rel}","templated":true}]}}