{"id":982,"date":"2023-11-08T14:56:08","date_gmt":"2023-11-08T12:56:08","guid":{"rendered":"https:\/\/blackmusicfestival.com\/politica-de-cookies\/"},"modified":"2024-02-29T10:06:39","modified_gmt":"2024-02-29T08:06:39","slug":"politica-de-cookies","status":"publish","type":"page","link":"https:\/\/gironacappella.cat\/es\/politica-de-cookies\/","title":{"rendered":"Pol\u00edtica de cookies"},"content":{"rendered":"<p>[et_pb_section fb_built=\u00bb1&#8243; _builder_version=\u00bb4.16&#8243; global_colors_info=\u00bb{}\u00bb][et_pb_row _builder_version=\u00bb4.16&#8243; background_size=\u00bbinitial\u00bb background_position=\u00bbtop_left\u00bb background_repeat=\u00bbrepeat\u00bb global_colors_info=\u00bb{}\u00bb][et_pb_column type=\u00bb4_4&#8243; _builder_version=\u00bb4.16&#8243; custom_padding=\u00bb|||\u00bb global_colors_info=\u00bb{}\u00bb custom_padding__hover=\u00bb|||\u00bb][et_pb_text _builder_version=\u00bb4.24.0&#8243; background_size=\u00bbinitial\u00bb background_position=\u00bbtop_left\u00bb background_repeat=\u00bbrepeat\u00bb hover_enabled=\u00bb0&#8243; global_colors_info=\u00bb{}\u00bb sticky_enabled=\u00bb0&#8243;]<\/p>\n<h1>Pol\u00edtica de Cookies<\/h1>\n<div itemprop=\"articleBody\">\n<p>Una Cookie es un breve archivo que se env\u00eda y almacena en el disco duro del ordenador del usuario a trav\u00e9s de su navegador cuando se conecta a una red. Las cookies se pueden utilizar para recoger y almacenar datos de usuario mientras est\u00e1 conectado para ofrecerle los servicios solicitados. <\/p>\n<p>Las cookies pueden ser propias o de terceros.<\/p>\n<p><strong>Existen varios tipos de Cookies:<\/strong><\/p>\n<ul>\n<li>Cookies t\u00e9cnicas: facilitan la navegaci\u00f3n del usuario y el uso de las diversas opciones o servicios ofrecidos por la web como identificar la sesi\u00f3n, permitir el acceso a ciertas \u00e1reas, seguridad, facilitando funcionalidades (v\u00eddeos, redes sociales, etc.).<\/li>\n<li>Cookies de personalizaci\u00f3n: permiten a los usuarios acceder a servicios de acuerdo a sus preferencias (idioma, navegador, configuraci\u00f3n, etc..).<\/li>\n<li>Cookies de an\u00e1lisis: permiten el an\u00e1lisis an\u00f3nimo del comportamiento de los usuarios de Internet y permiten medir la actividad del usuario y desarrollar perfiles de navegaci\u00f3n para mejorar los sitios web.<\/li>\n<\/ul>\n<p>&nbsp;<\/p>\n<h3>Cookies utilizadas en este sitio web:<\/h3>\n<p>Seg\u00fan las directrices de la<span> <\/span><strong>normativa Europea GDPR<span> <\/span><\/strong>o<strong><span> <\/span>RGPD<\/strong> (Reglamento General de Protecci\u00f3n de Datos), detallamos el uso de cookies que hace esta web con el fin de informarle de la forma m\u00e1s exacta posible.<\/p>\n<p><strong>Este sitio web utiliza las siguientes cookies propias:<\/strong><\/p>\n<ul>\n<li>Cookies de sesi\u00f3n, para permitir el acceso a ciertas \u00e1reas.<\/li>\n<li>Cookies de personalizaci\u00f3n, para permitir la configuraci\u00f3n y preferencias de navegaci\u00f3n del usuario.<\/li>\n<\/ul>\n<p><strong><span>Este sitio web utiliza las siguientes cookies de terceros:<\/span><\/strong><\/p>\n<ul>\n<li>Google Analytics: en el tratamiento de Cookies de an\u00e1lisis, hemos solicitado su consentimiento para su uso. Todo esto es para mejorar nuestros servicios. Utilizamos Google Analytics para recopilar informaci\u00f3n estad\u00edstica an\u00f3nima, como el n\u00famero de visitantes en nuestro sitio. Cookies a\u00f1adidas por Google Analytics se rigen por las pol\u00edticas de privacidad de Google Analytics. Por tanto, el ejercicio de cualquier derecho en este sentido deber\u00e1 hacerse comunic\u00e1ndose directamente con Google.    <\/li>\n<li>Redes sociales: cada red social utiliza sus propias Cookies para que usted pueda pulsar los botones del tipo Me gusta o Compartir.<\/li>\n<\/ul>\n<p>&nbsp;<\/p>\n<h3>Desactivaci\u00f3n o eliminaci\u00f3n de cookies:<\/h3>\n<p>Sin embargo, tenga en cuenta que puede activar, desactivar o eliminar las cookies siguiendo las instrucciones de su navegador. <\/p>\n<ul>\n<li><a href=\"https:\/\/support.google.com\/chrome\/answer\/95647?hl=es\" target=\"_blank\" rel=\"noopener noreferrer\">Google Chrome<\/a><\/li>\n<li><a href=\"https:\/\/support.mozilla.org\/es\/kb\/habilitar-y-deshabilitar-cookies-sitios-web-rastrear-preferencias?redirectlocale=es&amp;redirectslug=habilitar-y-deshabilitar-cookies-que-los-sitios-we\" target=\"_blank\" rel=\"noopener noreferrer\">Mozilla Firefox<\/a><\/li>\n<li><a href=\"https:\/\/support.microsoft.com\/ca-es\/help\/17442\/windows-internet-explorer-delete-manage-cookies\" target=\"_blank\" rel=\"noopener noreferrer\">Internet Explorer<\/a><\/li>\n<li><a href=\"https:\/\/support.apple.com\/kb\/PH21411?locale=es_US&amp;viewlocale=es_US\" target=\"_blank\" rel=\"noopener noreferrer\">Safari<\/a><\/li>\n<li><a href=\"https:\/\/support.apple.com\/en-us\/HT201265\" target=\"_blank\" rel=\"noopener noreferrer\">Safari para IOS<\/a><span> <\/span>(iPhone y iPad)<\/li>\n<li><a href=\"https:\/\/support.google.com\/chrome\/answer\/114662?hl=es&amp;visit_id=1-636638841327085282-3909631529&amp;rd=1&amp;co=GENIE.Platform%3DAndroid&amp;oco=1\" target=\"_blank\" rel=\"noopener noreferrer\">Chrome<span> <\/span><\/a>(Android)<\/li>\n<\/ul>\n<p>&nbsp;<\/p>\n<h3>Consentimiento:<\/h3>\n<p>A <strong>gironacappella.cat<\/strong> mai guardem les dades personals dels nostres usuaris, a excepci\u00f3 de l&#8217;adre\u00e7a IP d&#8217;acord amb el descrit anteriorment. Seguim la<span> <\/span><strong>normativa Europea GDPR <\/strong><span>o<\/span><strong> RGPD <\/strong><span>(Reglamento General de Protecci\u00f3n de Datos). <\/span> <\/p>\n<p>Al navegar i continuar a la nostra web ens indica que est\u00e0 consentint l&#8217;\u00fas de les cookies abans enunciades, i en les condicions contingudes en la present Pol\u00edtica de Cookies.<\/p>\n<\/div>\n<p>[\/et_pb_text][\/et_pb_column][\/et_pb_row][\/et_pb_section]<\/p>\n","protected":false},"excerpt":{"rendered":"<p>Pol\u00edtica de Cookies Una Cookie es un breve archivo que se env\u00eda y almacena en el disco duro del ordenador del usuario a trav\u00e9s de su navegador cuando se conecta [&hellip;]<\/p>\n","protected":false},"author":1,"featured_media":0,"parent":0,"menu_order":0,"comment_status":"closed","ping_status":"closed","template":"","meta":{"_et_pb_use_builder":"on","_et_pb_old_content":"","_et_gb_content_width":"","footnotes":""},"class_list":["post-982","page","type-page","status-publish","hentry"],"yoast_head":"<!-- This site is optimized with the Yoast SEO plugin v27.3 - https:\/\/yoast.com\/product\/yoast-seo-wordpress\/ -->\n<title>Pol\u00edtica de cookies - Girona A Cappella<\/title>\n<meta name=\"robots\" content=\"index, follow, max-snippet:-1, max-image-preview:large, max-video-preview:-1\" \/>\n<link rel=\"canonical\" href=\"https:\/\/gironacappella.cat\/politica-de-cookies\/\" \/>\n<meta property=\"og:locale\" content=\"es_ES\" \/>\n<meta property=\"og:type\" content=\"article\" \/>\n<meta property=\"og:title\" content=\"Pol\u00edtica de cookies - Girona A Cappella\" \/>\n<meta property=\"og:description\" content=\"Pol\u00edtica de Cookies Una Cookie es un breve archivo que se env\u00eda y almacena en el disco duro del ordenador del usuario a trav\u00e9s de su navegador cuando se conecta [&hellip;]\" \/>\n<meta property=\"og:url\" content=\"https:\/\/gironacappella.cat\/politica-de-cookies\/\" \/>\n<meta property=\"og:site_name\" content=\"Girona A Cappella\" \/>\n<meta property=\"article:modified_time\" content=\"2024-02-29T08:06:39+00:00\" \/>\n<meta name=\"twitter:card\" content=\"summary_large_image\" \/>\n<meta name=\"twitter:label1\" content=\"Tiempo de lectura\" \/>\n\t<meta name=\"twitter:data1\" content=\"3 minutos\" \/>\n<script type=\"application\/ld+json\" class=\"yoast-schema-graph\">{\"@context\":\"https:\\\/\\\/schema.org\",\"@graph\":[{\"@type\":\"WebPage\",\"@id\":\"https:\\\/\\\/gironacappella.cat\\\/politica-de-cookies\\\/\",\"url\":\"https:\\\/\\\/gironacappella.cat\\\/politica-de-cookies\\\/\",\"name\":\"Pol\u00edtica de cookies - Girona A Cappella\",\"isPartOf\":{\"@id\":\"https:\\\/\\\/gironacappella.cat\\\/#website\"},\"datePublished\":\"2023-11-08T12:56:08+00:00\",\"dateModified\":\"2024-02-29T08:06:39+00:00\",\"breadcrumb\":{\"@id\":\"https:\\\/\\\/gironacappella.cat\\\/politica-de-cookies\\\/#breadcrumb\"},\"inLanguage\":\"es\",\"potentialAction\":[{\"@type\":\"ReadAction\",\"target\":[\"https:\\\/\\\/gironacappella.cat\\\/politica-de-cookies\\\/\"]}]},{\"@type\":\"BreadcrumbList\",\"@id\":\"https:\\\/\\\/gironacappella.cat\\\/politica-de-cookies\\\/#breadcrumb\",\"itemListElement\":[{\"@type\":\"ListItem\",\"position\":1,\"name\":\"Inici\",\"item\":\"https:\\\/\\\/gironacappella.cat\\\/\"},{\"@type\":\"ListItem\",\"position\":2,\"name\":\"Pol\u00edtica de cookies\"}]},{\"@type\":\"WebSite\",\"@id\":\"https:\\\/\\\/gironacappella.cat\\\/#website\",\"url\":\"https:\\\/\\\/gironacappella.cat\\\/\",\"name\":\"Girona A Cappella\",\"description\":\"Per Temps de Flors Girona al\u00e7a la veu!\",\"potentialAction\":[{\"@type\":\"SearchAction\",\"target\":{\"@type\":\"EntryPoint\",\"urlTemplate\":\"https:\\\/\\\/gironacappella.cat\\\/?s={search_term_string}\"},\"query-input\":{\"@type\":\"PropertyValueSpecification\",\"valueRequired\":true,\"valueName\":\"search_term_string\"}}],\"inLanguage\":\"es\"}]}<\/script>\n<!-- \/ Yoast SEO plugin. -->","yoast_head_json":{"title":"Pol\u00edtica de cookies - Girona A Cappella","robots":{"index":"index","follow":"follow","max-snippet":"max-snippet:-1","max-image-preview":"max-image-preview:large","max-video-preview":"max-video-preview:-1"},"canonical":"https:\/\/gironacappella.cat\/politica-de-cookies\/","og_locale":"es_ES","og_type":"article","og_title":"Pol\u00edtica de cookies - Girona A Cappella","og_description":"Pol\u00edtica de Cookies Una Cookie es un breve archivo que se env\u00eda y almacena en el disco duro del ordenador del usuario a trav\u00e9s de su navegador cuando se conecta [&hellip;]","og_url":"https:\/\/gironacappella.cat\/politica-de-cookies\/","og_site_name":"Girona A Cappella","article_modified_time":"2024-02-29T08:06:39+00:00","twitter_card":"summary_large_image","twitter_misc":{"Tiempo de lectura":"3 minutos"},"schema":{"@context":"https:\/\/schema.org","@graph":[{"@type":"WebPage","@id":"https:\/\/gironacappella.cat\/politica-de-cookies\/","url":"https:\/\/gironacappella.cat\/politica-de-cookies\/","name":"Pol\u00edtica de cookies - Girona A Cappella","isPartOf":{"@id":"https:\/\/gironacappella.cat\/#website"},"datePublished":"2023-11-08T12:56:08+00:00","dateModified":"2024-02-29T08:06:39+00:00","breadcrumb":{"@id":"https:\/\/gironacappella.cat\/politica-de-cookies\/#breadcrumb"},"inLanguage":"es","potentialAction":[{"@type":"ReadAction","target":["https:\/\/gironacappella.cat\/politica-de-cookies\/"]}]},{"@type":"BreadcrumbList","@id":"https:\/\/gironacappella.cat\/politica-de-cookies\/#breadcrumb","itemListElement":[{"@type":"ListItem","position":1,"name":"Inici","item":"https:\/\/gironacappella.cat\/"},{"@type":"ListItem","position":2,"name":"Pol\u00edtica de cookies"}]},{"@type":"WebSite","@id":"https:\/\/gironacappella.cat\/#website","url":"https:\/\/gironacappella.cat\/","name":"Girona A Cappella","description":"Per Temps de Flors Girona al\u00e7a la veu!","potentialAction":[{"@type":"SearchAction","target":{"@type":"EntryPoint","urlTemplate":"https:\/\/gironacappella.cat\/?s={search_term_string}"},"query-input":{"@type":"PropertyValueSpecification","valueRequired":true,"valueName":"search_term_string"}}],"inLanguage":"es"}]}},"_links":{"self":[{"href":"https:\/\/gironacappella.cat\/es\/wp-json\/wp\/v2\/pages\/982","targetHints":{"allow":["GET"]}}],"collection":[{"href":"https:\/\/gironacappella.cat\/es\/wp-json\/wp\/v2\/pages"}],"about":[{"href":"https:\/\/gironacappella.cat\/es\/wp-json\/wp\/v2\/types\/page"}],"author":[{"embeddable":true,"href":"https:\/\/gironacappella.cat\/es\/wp-json\/wp\/v2\/users\/1"}],"replies":[{"embeddable":true,"href":"https:\/\/gironacappella.cat\/es\/wp-json\/wp\/v2\/comments?post=982"}],"version-history":[{"count":7,"href":"https:\/\/gironacappella.cat\/es\/wp-json\/wp\/v2\/pages\/982\/revisions"}],"predecessor-version":[{"id":2189,"href":"https:\/\/gironacappella.cat\/es\/wp-json\/wp\/v2\/pages\/982\/revisions\/2189"}],"wp:attachment":[{"href":"https:\/\/gironacappella.cat\/es\/wp-json\/wp\/v2\/media?parent=982"}],"curies":[{"name":"wp","href":"https:\/\/api.w.org\/{rel}","templated":true}]}}